{"id":170,"date":"2021-12-31T04:07:40","date_gmt":"2021-12-31T10:07:40","guid":{"rendered":"http:\/\/localhost\/marhuez-wp\/?page_id=170"},"modified":"2023-02-06T19:36:45","modified_gmt":"2023-02-07T01:36:45","slug":"historia","status":"publish","type":"page","link":"https:\/\/marhuez.com\/es\/historia\/","title":{"rendered":"Historia"},"content":{"rendered":"<style>#kt-layout-id_90748d-46 > .kt-row-column-wrap{align-content:start;}:where(#kt-layout-id_90748d-46 > .kt-row-column-wrap) > .wp-block-kadence-column{justify-content:start;}#kt-layout-id_90748d-46 > .kt-row-column-wrap{column-gap:var(--global-kb-gap-md, 2rem);row-gap:var(--global-kb-gap-md, 2rem);max-width:1363px;margin-left:auto;margin-right:auto;padding-top:var( --global-kb-row-default-top, 25px );padding-bottom:var( --global-kb-row-default-bottom, 25px );padding-top:120px;padding-bottom:120px;grid-template-columns:minmax(0, 1fr);}#kt-layout-id_90748d-46{background-image:url('https:\/\/marhuez.com\/es\/wp-content\/uploads\/2022\/01\/escritora-c-scaled.jpg');background-size:cover;background-position:center center;background-attachment:scroll;background-repeat:no-repeat;}#kt-layout-id_90748d-46 > .kt-row-layout-overlay{opacity:0.30;}@media all and (max-width: 1024px){#kt-layout-id_90748d-46 > .kt-row-column-wrap{grid-template-columns:minmax(0, 1fr);}}@media all and (max-width: 767px){#kt-layout-id_90748d-46 > .kt-row-column-wrap{grid-template-columns:minmax(0, 1fr);}}<\/style>\n<div class=\"wp-block-kadence-rowlayout alignnone\"><div id=\"kt-layout-id_90748d-46\" class=\"kt-row-layout-inner kt-row-has-bg kt-layout-id_90748d-46\"><div class=\"kt-row-column-wrap kt-has-1-columns kt-gutter-default kt-v-gutter-default kt-row-valign-top kt-row-layout-equal kt-tab-layout-inherit kt-m-colapse-left-to-right kt-mobile-layout-row\"><style>.kadence-column_82070c-eb > .kt-inside-inner-col{border-top-width:0px;border-right-width:0px;border-bottom-width:0px;border-left-width:0px;}.kadence-column_82070c-eb > .kt-inside-inner-col,.kadence-column_82070c-eb > .kt-inside-inner-col:before{border-top-left-radius:0px;border-top-right-radius:0px;border-bottom-right-radius:0px;border-bottom-left-radius:0px;}.kadence-column_82070c-eb > .kt-inside-inner-col{column-gap:var(--global-kb-gap-sm, 1rem);}.kadence-column_82070c-eb > .kt-inside-inner-col{flex-direction:column;}.kadence-column_82070c-eb > .kt-inside-inner-col > .aligncenter{width:100%;}.kadence-column_82070c-eb > .kt-inside-inner-col:before{opacity:0.3;}.kadence-column_82070c-eb{position:relative;}@media all and (max-width: 1024px){.kadence-column_82070c-eb > .kt-inside-inner-col{flex-direction:column;justify-content:center;}}@media all and (max-width: 767px){.kadence-column_82070c-eb > .kt-inside-inner-col{flex-direction:column;justify-content:center;}}<\/style>\n<div class=\"wp-block-kadence-column inner-column-1 kadence-column_82070c-eb\"><div class=\"kt-inside-inner-col\">\n<h1 class=\"gb-headline gb-headline-7fc660b5 gb-headline-text\">No temo a los retos<\/h1>\n\n\n\n<p class=\"has-text-align-center has-white-color has-text-color wp-block-paragraph\"><em>Deber\u00edamos servir a la naturaleza y no contrariarla; ella es la maestra.<\/em>\u00bb<br><em>Paco Rabanne<\/em><\/p>\n<\/div><\/div>\n<\/div><\/div><\/div>\n\n\n\n<h1 class=\"wp-block-heading has-text-align-center\" id=\"historia\">Historia<\/h1>\n\n\n\n<p class=\"wp-block-paragraph\">  \u00a1Has venido a curiosear, eh! Pues este es el sitio indicado. Mi nombre es Martha, me gusta investigar sobre muy diversos temas, amo lo natural, las plantas y la herbolaria como puedes ver.<\/p>\n\n\n\n<p class=\"wp-block-paragraph\">  Este sitio se cre\u00f3 para dar a conocer parte de mis conocimientos sobre los temas que te coment\u00e9 y otros m\u00e1s.  Me gusta lo que hago y disfruto alimentado este espacio.<\/p>\n\n\n\n<p class=\"wp-block-paragraph\">  Los temas de este sitio son la herbolaria, la bot\u00e1nica, la cosm\u00e9tica y salud natural porque desde siempre me ha llamado la atenci\u00f3n. He pasado mi vida disfrutando del campo, he aprendido los usos y beneficios de muchas plantas gracias a las costumbres de mi familia, la lectura de libros y cursos y ahora vengo a compartir todo lo que he aprendido.&nbsp;Espero que algo de lo que escriba te pueda ser de utilidad.<\/p>\n\n\n\n<p class=\"wp-block-paragraph\">Hechas las resumidas presentaciones, poco m\u00e1s queda saber sobre m\u00ed.  Buscar\u00e9 siempre fuentes ver\u00eddicas, no por nada soy investigadora asidua, y dejar\u00e9 la bibliograf\u00eda o fuentes al pie de cada art\u00edculo y final de cada v\u00eddeo cuando as\u00ed lo amerite para que puedas consultarlas o ampliar la informaci\u00f3n. Si cualquier dato no est\u00e1 bien escrito o un enlace roto, no dudes en avisarme.<\/p>\n\n\n\n<p class=\"wp-block-paragraph\">Me gustar\u00eda aclarar tambi\u00e9n que, ante un problema de salud, lo primero es ir al m\u00e9dico.  Aqu\u00ed te puedo dar consejos, recomendar determinadas infusiones o compartir lo que a m\u00ed me funciona, pero el diagn\u00f3stico de un m\u00e9dico siempre va primero.<\/p>\n\n\n\n<p class=\"wp-block-paragraph\">\u00a1Gracias por leer!<\/p>\n\n\n<div class=\"gb-container gb-container-014800e2\"><div class=\"gb-inside-container\"><\/div><\/div>","protected":false},"excerpt":{"rendered":"<p>No temo a los retos Deber\u00edamos servir a la naturaleza y no contrariarla; ella es la maestra.\u00bbPaco Rabanne Historia \u00a1Has venido a curiosear, eh! Pues este es el sitio indicado. Mi nombre es Martha, me gusta investigar sobre muy diversos temas, amo lo natural, las plantas y la herbolaria como puedes ver. Este sitio se [&hellip;]<\/p>\n","protected":false},"author":2,"featured_media":0,"parent":0,"menu_order":0,"comment_status":"closed","ping_status":"closed","template":"","meta":{"_crdt_document":"","footnotes":""},"class_list":["post-170","page","type-page","status-publish","hentry"],"blocksy_meta":{"styles_descriptor":{"styles":{"desktop":"","tablet":"","mobile":""},"google_fonts":[],"version":6}},"yoast_head":"<!-- This site is optimized with the Yoast SEO plugin v27.0 - https:\/\/yoast.com\/product\/yoast-seo-wordpress\/ -->\n<title>Historia - Marhuez<\/title>\n<meta name=\"robots\" content=\"index, follow, max-snippet:-1, max-image-preview:large, max-video-preview:-1\" \/>\n<link rel=\"canonical\" href=\"https:\/\/marhuez.com\/es\/historia\/\" \/>\n<meta property=\"og:locale\" content=\"es_ES\" \/>\n<meta property=\"og:type\" content=\"article\" \/>\n<meta property=\"og:title\" content=\"Historia - Marhuez\" \/>\n<meta property=\"og:description\" content=\"No temo a los retos Deber\u00edamos servir a la naturaleza y no contrariarla; ella es la maestra.\u00bbPaco Rabanne Historia \u00a1Has venido a curiosear, eh! Pues este es el sitio indicado. Mi nombre es Martha, me gusta investigar sobre muy diversos temas, amo lo natural, las plantas y la herbolaria como puedes ver. Este sitio se [&hellip;]\" \/>\n<meta property=\"og:url\" content=\"https:\/\/marhuez.com\/es\/historia\/\" \/>\n<meta property=\"og:site_name\" content=\"Marhuez\" \/>\n<meta property=\"article:modified_time\" content=\"2023-02-07T01:36:45+00:00\" \/>\n<meta name=\"twitter:card\" content=\"summary_large_image\" \/>\n<meta name=\"twitter:label1\" content=\"Tiempo de lectura\" \/>\n\t<meta name=\"twitter:data1\" content=\"2 minutos\" \/>\n<script type=\"application\/ld+json\" class=\"yoast-schema-graph\">{\"@context\":\"https:\/\/schema.org\",\"@graph\":[{\"@type\":\"WebPage\",\"@id\":\"https:\/\/marhuez.com\/es\/historia\/\",\"url\":\"https:\/\/marhuez.com\/es\/historia\/\",\"name\":\"Historia - Marhuez\",\"isPartOf\":{\"@id\":\"https:\/\/marhuez.com\/es\/#website\"},\"datePublished\":\"2021-12-31T10:07:40+00:00\",\"dateModified\":\"2023-02-07T01:36:45+00:00\",\"breadcrumb\":{\"@id\":\"https:\/\/marhuez.com\/es\/historia\/#breadcrumb\"},\"inLanguage\":\"es\",\"potentialAction\":[{\"@type\":\"ReadAction\",\"target\":[\"https:\/\/marhuez.com\/es\/historia\/\"]}]},{\"@type\":\"BreadcrumbList\",\"@id\":\"https:\/\/marhuez.com\/es\/historia\/#breadcrumb\",\"itemListElement\":[{\"@type\":\"ListItem\",\"position\":1,\"name\":\"Inicio\",\"item\":\"https:\/\/marhuez.com\/es\/\"},{\"@type\":\"ListItem\",\"position\":2,\"name\":\"Historia\"}]},{\"@type\":\"WebSite\",\"@id\":\"https:\/\/marhuez.com\/es\/#website\",\"url\":\"https:\/\/marhuez.com\/es\/\",\"name\":\"Marhuez\",\"description\":\"\",\"publisher\":{\"@id\":\"https:\/\/marhuez.com\/es\/#organization\"},\"potentialAction\":[{\"@type\":\"SearchAction\",\"target\":{\"@type\":\"EntryPoint\",\"urlTemplate\":\"https:\/\/marhuez.com\/es\/?s={search_term_string}\"},\"query-input\":{\"@type\":\"PropertyValueSpecification\",\"valueRequired\":true,\"valueName\":\"search_term_string\"}}],\"inLanguage\":\"es\"},{\"@type\":\"Organization\",\"@id\":\"https:\/\/marhuez.com\/es\/#organization\",\"name\":\"Marhuez\",\"url\":\"https:\/\/marhuez.com\/es\/\",\"logo\":{\"@type\":\"ImageObject\",\"inLanguage\":\"es\",\"@id\":\"https:\/\/marhuez.com\/es\/#\/schema\/logo\/image\/\",\"url\":\"https:\/\/marhuez.com\/es\/wp-content\/uploads\/2021\/12\/logo_circuloazul_completo_750_268.png\",\"contentUrl\":\"https:\/\/marhuez.com\/es\/wp-content\/uploads\/2021\/12\/logo_circuloazul_completo_750_268.png\",\"width\":750,\"height\":268,\"caption\":\"Marhuez\"},\"image\":{\"@id\":\"https:\/\/marhuez.com\/es\/#\/schema\/logo\/image\/\"}}]}<\/script>\n<!-- \/ Yoast SEO plugin. -->","yoast_head_json":{"title":"Historia - Marhuez","robots":{"index":"index","follow":"follow","max-snippet":"max-snippet:-1","max-image-preview":"max-image-preview:large","max-video-preview":"max-video-preview:-1"},"canonical":"https:\/\/marhuez.com\/es\/historia\/","og_locale":"es_ES","og_type":"article","og_title":"Historia - Marhuez","og_description":"No temo a los retos Deber\u00edamos servir a la naturaleza y no contrariarla; ella es la maestra.\u00bbPaco Rabanne Historia \u00a1Has venido a curiosear, eh! Pues este es el sitio indicado. Mi nombre es Martha, me gusta investigar sobre muy diversos temas, amo lo natural, las plantas y la herbolaria como puedes ver. Este sitio se [&hellip;]","og_url":"https:\/\/marhuez.com\/es\/historia\/","og_site_name":"Marhuez","article_modified_time":"2023-02-07T01:36:45+00:00","twitter_card":"summary_large_image","twitter_misc":{"Tiempo de lectura":"2 minutos"},"schema":{"@context":"https:\/\/schema.org","@graph":[{"@type":"WebPage","@id":"https:\/\/marhuez.com\/es\/historia\/","url":"https:\/\/marhuez.com\/es\/historia\/","name":"Historia - Marhuez","isPartOf":{"@id":"https:\/\/marhuez.com\/es\/#website"},"datePublished":"2021-12-31T10:07:40+00:00","dateModified":"2023-02-07T01:36:45+00:00","breadcrumb":{"@id":"https:\/\/marhuez.com\/es\/historia\/#breadcrumb"},"inLanguage":"es","potentialAction":[{"@type":"ReadAction","target":["https:\/\/marhuez.com\/es\/historia\/"]}]},{"@type":"BreadcrumbList","@id":"https:\/\/marhuez.com\/es\/historia\/#breadcrumb","itemListElement":[{"@type":"ListItem","position":1,"name":"Inicio","item":"https:\/\/marhuez.com\/es\/"},{"@type":"ListItem","position":2,"name":"Historia"}]},{"@type":"WebSite","@id":"https:\/\/marhuez.com\/es\/#website","url":"https:\/\/marhuez.com\/es\/","name":"Marhuez","description":"","publisher":{"@id":"https:\/\/marhuez.com\/es\/#organization"},"potentialAction":[{"@type":"SearchAction","target":{"@type":"EntryPoint","urlTemplate":"https:\/\/marhuez.com\/es\/?s={search_term_string}"},"query-input":{"@type":"PropertyValueSpecification","valueRequired":true,"valueName":"search_term_string"}}],"inLanguage":"es"},{"@type":"Organization","@id":"https:\/\/marhuez.com\/es\/#organization","name":"Marhuez","url":"https:\/\/marhuez.com\/es\/","logo":{"@type":"ImageObject","inLanguage":"es","@id":"https:\/\/marhuez.com\/es\/#\/schema\/logo\/image\/","url":"https:\/\/marhuez.com\/es\/wp-content\/uploads\/2021\/12\/logo_circuloazul_completo_750_268.png","contentUrl":"https:\/\/marhuez.com\/es\/wp-content\/uploads\/2021\/12\/logo_circuloazul_completo_750_268.png","width":750,"height":268,"caption":"Marhuez"},"image":{"@id":"https:\/\/marhuez.com\/es\/#\/schema\/logo\/image\/"}}]}},"_links":{"self":[{"href":"https:\/\/marhuez.com\/es\/wp-json\/wp\/v2\/pages\/170","targetHints":{"allow":["GET"]}}],"collection":[{"href":"https:\/\/marhuez.com\/es\/wp-json\/wp\/v2\/pages"}],"about":[{"href":"https:\/\/marhuez.com\/es\/wp-json\/wp\/v2\/types\/page"}],"author":[{"embeddable":true,"href":"https:\/\/marhuez.com\/es\/wp-json\/wp\/v2\/users\/2"}],"replies":[{"embeddable":true,"href":"https:\/\/marhuez.com\/es\/wp-json\/wp\/v2\/comments?post=170"}],"version-history":[{"count":49,"href":"https:\/\/marhuez.com\/es\/wp-json\/wp\/v2\/pages\/170\/revisions"}],"predecessor-version":[{"id":2956,"href":"https:\/\/marhuez.com\/es\/wp-json\/wp\/v2\/pages\/170\/revisions\/2956"}],"wp:attachment":[{"href":"https:\/\/marhuez.com\/es\/wp-json\/wp\/v2\/media?parent=170"}],"curies":[{"name":"wp","href":"https:\/\/api.w.org\/{rel}","templated":true}]}}